{"id":3912,"date":"2024-03-18T20:52:48","date_gmt":"2024-03-18T17:52:48","guid":{"rendered":"https:\/\/konigyapi.com.tr\/?post_type=product&#038;p=3912"},"modified":"2024-04-08T12:32:46","modified_gmt":"2024-04-08T09:32:46","slug":"rotus-boyasi-kutusu-degistirme-pigmentleri","status":"publish","type":"product","link":"https:\/\/konigyapi.com.tr\/en\/product\/rotus-boyasi-kutusu-degistirme-pigmentleri\/","title":{"rendered":"R\u00f6tu\u015f Boyas\u0131 Kutusu De\u011fi\u015ftirme Pigmentleri"},"content":{"rendered":"<div data-elementor-type=\"section\" data-elementor-id=\"209\" class=\"elementor elementor-209\">\r\n\t\t\t<div class=\"elementor-element elementor-element-c59eb24 e-flex e-con-boxed kitify-col-width-auto-no ignore-docs-style-no kitify-disable-relative-no e-root-container elementor-top-section e-con e-parent\" data-id=\"c59eb24\" data-element_type=\"container\" data-settings=\"{&quot;ekit_has_onepagescroll_dot&quot;:&quot;yes&quot;}\">\n\t\t\t\t\t<div class=\"e-con-inner\">\n\t\t\t\t<div class=\"elementor-element elementor-element-dec235b elementor-widget elementor-widget-text-editor\" data-id=\"dec235b\" data-element_type=\"widget\" data-settings=\"{&quot;ekit_we_effect_on&quot;:&quot;none&quot;}\" data-widget_type=\"text-editor.default\">\n\t\t\t\t<div class=\"elementor-widget-container\">\n\t\t\t\t\t\t\t\t\t<p>Lorem ipsum dolor sit amet, consectetur adipiscing elit. Ut elit tellus, luctus nec ullamcorper mattis, pulvinar dapibus leo.<\/p>\t\t\t\t\t\t\t\t<\/div>\n\t\t\t\t<\/div>\n\t\t\t\t\t<\/div>\n\t\t\t\t<\/div>\n\t\t\t\t<\/div>","protected":false},"excerpt":{"rendered":"<p>R\u00f6tu\u015f Boyas\u0131 Kutusu i\u00e7in Yedek Pigmentler.<\/p>","protected":false},"featured_media":3913,"comment_status":"closed","ping_status":"closed","template":"","meta":[],"product_brand":[],"product_cat":[16,83,59],"product_tag":[],"class_list":{"0":"post-3912","1":"product","2":"type-product","3":"status-publish","4":"has-post-thumbnail","6":"product_cat-tum-urunler","7":"product_cat-rotus-boya-kutusu","8":"product_cat-rotus-urunleri","10":"first","11":"instock","12":"shipping-taxable","13":"product-type-simple"},"_links":{"self":[{"href":"https:\/\/konigyapi.com.tr\/en\/wp-json\/wp\/v2\/product\/3912","targetHints":{"allow":["GET"]}}],"collection":[{"href":"https:\/\/konigyapi.com.tr\/en\/wp-json\/wp\/v2\/product"}],"about":[{"href":"https:\/\/konigyapi.com.tr\/en\/wp-json\/wp\/v2\/types\/product"}],"replies":[{"embeddable":true,"href":"https:\/\/konigyapi.com.tr\/en\/wp-json\/wp\/v2\/comments?post=3912"}],"wp:featuredmedia":[{"embeddable":true,"href":"https:\/\/konigyapi.com.tr\/en\/wp-json\/wp\/v2\/media\/3913"}],"wp:attachment":[{"href":"https:\/\/konigyapi.com.tr\/en\/wp-json\/wp\/v2\/media?parent=3912"}],"wp:term":[{"taxonomy":"product_brand","embeddable":true,"href":"https:\/\/konigyapi.com.tr\/en\/wp-json\/wp\/v2\/product_brand?post=3912"},{"taxonomy":"product_cat","embeddable":true,"href":"https:\/\/konigyapi.com.tr\/en\/wp-json\/wp\/v2\/product_cat?post=3912"},{"taxonomy":"product_tag","embeddable":true,"href":"https:\/\/konigyapi.com.tr\/en\/wp-json\/wp\/v2\/product_tag?post=3912"}],"curies":[{"name":"wp","href":"https:\/\/api.w.org\/{rel}","templated":true}]}}